{"id":21669,"date":"2022-07-12T13:08:13","date_gmt":"2022-07-12T17:08:13","guid":{"rendered":"https:\/\/myopenpassport.net\/recomendar-a-un-amigo\/"},"modified":"2024-07-28T11:24:36","modified_gmt":"2024-07-28T15:24:36","slug":"recomendar-un-amigo","status":"publish","type":"page","link":"https:\/\/myopenpassport.net\/es\/recomendar-un-amigo\/","title":{"rendered":"Recomendar a un amigo"},"content":{"rendered":"<p><div class=\"fusion-fullwidth fullwidth-box fusion-builder-row-1 fusion-flex-container nonhundred-percent-fullwidth non-hundred-percent-height-scrolling\" style=\"background-color: rgba(255,255,255,0);background-position: center center;background-repeat: no-repeat;border-width: 0px 0px 0px 0px;border-color:var(--awb-color3);border-style:solid;\" ><div class=\"fusion-builder-row fusion-row fusion-flex-align-items-flex-start\" style=\"max-width:1216.8px;margin-left: calc(-4% \/ 2 );margin-right: calc(-4% \/ 2 );\"><div class=\"fusion-layout-column fusion_builder_column fusion-builder-column-0 fusion_builder_column_1_1 1_1 fusion-flex-column\"><div class=\"fusion-column-wrapper fusion-flex-justify-content-flex-start fusion-content-layout-column\" style=\"background-position:left top;background-repeat:no-repeat;-webkit-background-size:cover;-moz-background-size:cover;-o-background-size:cover;background-size:cover;padding: 0px 0px 0px 0px;\"><div class=\"fusion-separator fusion-full-width-sep\" style=\"align-self: center;margin-left: auto;margin-right: auto;width:100%;\"><div class=\"fusion-separator-border sep-single\" style=\"border-color:#ffffff;border-top-width:28px;\"><\/div><\/div><style type=\"text\/css\">@media only screen and (max-width:1024px) {.fusion-title.fusion-title-1{margin-top:0px!important; margin-right:0px!important;margin-bottom:31px!important;margin-left:0px!important;}}@media only screen and (max-width:640px) {.fusion-title.fusion-title-1{margin-top:0px!important; margin-right:0px!important;margin-bottom:20px!important; margin-left:0px!important;}}<\/style><div class=\"fusion-title title fusion-title-1 fusion-sep-none fusion-title-text fusion-title-size-one\" style=\"margin-top:0px;margin-right:0px;margin-bottom:31px;margin-left:0px;\"><h1 class=\"title-heading-left\" style=\"margin:0;text-transform:uppercase;\">C\u00f3mo el programa funciona<\/h1><\/div><div class=\"fusion-text fusion-text-1\"><p>\u00bfConoces a alguien interesado en clases de idiomas online? Te explicamos c\u00f3mo funciona el programa:<\/p>\n<\/div><ul class=\"fusion-checklist fusion-checklist-1\" style=\"font-size:18px;line-height:30.6px;\"><li style=\"background-color:var(--awb-color2);padding-top:16px;padding-right:16px;padding-bottom:16px;padding-left:16px;\" class=\"fusion-li-item\"><span style=\"background-color:var(--awb-color5);font-size:15.84px;height:30.6px;width:30.6px;margin-right:12.6px;\" class=\"icon-wrapper circle-yes\"><i class=\"fusion-li-icon awb-icon-check fas\" style=\"color:var(--awb-color5);\" aria-hidden=\"true\"><\/i><\/span><div class=\"fusion-li-item-content\" style=\"margin-left:43.2px;color:var(--awb-color8);\">\n<p>Paga mensual<\/p>\n<\/div><\/li><li style=\"background-color:hsla(var(--awb-color2-h),var(--awb-color2-s),var(--awb-color2-l),calc(var(--awb-color2-a) - 72%));padding-top:16px;padding-right:16px;padding-bottom:16px;padding-left:16px;\" class=\"fusion-li-item\"><span style=\"background-color:var(--awb-color5);font-size:15.84px;height:30.6px;width:30.6px;margin-right:12.6px;\" class=\"icon-wrapper circle-yes\"><i class=\"fusion-li-icon awb-icon-check fas\" style=\"color:var(--awb-color5);\" aria-hidden=\"true\"><\/i><\/span><div class=\"fusion-li-item-content\" style=\"margin-left:43.2px;color:var(--awb-color8);\">Tu amigo\/a reserva una o algunas clases para probar<\/div><\/li><li style=\"background-color:var(--awb-color2);padding-top:16px;padding-right:16px;padding-bottom:16px;padding-left:16px;\" class=\"fusion-li-item\"><span style=\"background-color:var(--awb-color5);font-size:15.84px;height:30.6px;width:30.6px;margin-right:12.6px;\" class=\"icon-wrapper circle-yes\"><i class=\"fusion-li-icon awb-icon-check fas\" style=\"color:var(--awb-color5);\" aria-hidden=\"true\"><\/i><\/span><div class=\"fusion-li-item-content\" style=\"margin-left:43.2px;color:var(--awb-color8);\">Si le gustan las clases y reserva 10+ clases, t\u00fa recibir\u00e1s un descuento del 10% en tu siguiente pago mensual<\/div><\/li><li style=\"background-color:hsla(var(--awb-color2-h),var(--awb-color2-s),var(--awb-color2-l),calc(var(--awb-color2-a) - 72%));padding-top:16px;padding-right:16px;padding-bottom:16px;padding-left:16px;\" class=\"fusion-li-item\"><span style=\"background-color:var(--awb-color5);font-size:15.84px;height:30.6px;width:30.6px;margin-right:12.6px;\" class=\"icon-wrapper circle-yes\"><i class=\"fusion-li-icon awb-icon-check fas\" style=\"color:var(--awb-color5);\" aria-hidden=\"true\"><\/i><\/span><div class=\"fusion-li-item-content\" style=\"margin-left:43.2px;color:var(--awb-color8);\">\n<p>Si tu amigo\/a reserva 48+ clases, t\u00fa recibir\u00e1s un descuento del 10% en tus 2 pagos mensuales siguientes<\/p>\n<\/div><\/li><li style=\"background-color:var(--awb-color2);padding-top:16px;padding-right:16px;padding-bottom:16px;padding-left:16px;\" class=\"fusion-li-item\"><span style=\"background-color:var(--awb-color5);font-size:15.84px;height:30.6px;width:30.6px;margin-right:12.6px;\" class=\"icon-wrapper circle-yes\"><i class=\"fusion-li-icon awb-icon-check fas\" style=\"color:var(--awb-color5);\" aria-hidden=\"true\"><\/i><\/span><div class=\"fusion-li-item-content\" style=\"margin-left:43.2px;color:var(--awb-color8);\">Aseg\u00farate que tu amigo\/a escribe tu nombre en la caja de notas o env\u00eda un e-mail a la escuela con tus datos<\/div><\/li><li style=\"background-color:hsla(var(--awb-color2-h),var(--awb-color2-s),var(--awb-color2-l),calc(var(--awb-color2-a) - 72%));padding-top:16px;padding-right:16px;padding-bottom:16px;padding-left:16px;\" class=\"fusion-li-item\"><span style=\"background-color:var(--awb-color5);font-size:15.84px;height:30.6px;width:30.6px;margin-right:12.6px;\" class=\"icon-wrapper circle-yes\"><i class=\"fusion-li-icon awb-icon-check fas\" style=\"color:var(--awb-color5);\" aria-hidden=\"true\"><\/i><\/span><div class=\"fusion-li-item-content\" style=\"margin-left:43.2px;color:var(--awb-color8);\">\n<p>Si tienes diferentes amigos que reservan clases por tu nombre, nos pondremos en contacto contigo \u2013 \u00a1gracias por tu apoyo!<\/p>\n<\/div><\/li><\/ul><\/div><style type=\"text\/css\">.fusion-body .fusion-builder-column-0{width:100% !important;margin-top : 0px;margin-bottom : 20px;}.fusion-builder-column-0 > .fusion-column-wrapper {padding-top : 0px !important;padding-right : 0px !important;margin-right : 1.92%;padding-bottom : 0px !important;padding-left : 0px !important;margin-left : 1.92%;}@media only screen and (max-width:1024px) {.fusion-body .fusion-builder-column-0{width:100% !important;order : 0;}.fusion-builder-column-0 > .fusion-column-wrapper {margin-right : 1.92%;margin-left : 1.92%;}}@media only screen and (max-width:640px) {.fusion-body .fusion-builder-column-0{width:100% !important;order : 0;}.fusion-builder-column-0 > .fusion-column-wrapper {margin-right : 1.92%;margin-left : 1.92%;}}<\/style><\/div><\/div><style type=\"text\/css\">.fusion-body .fusion-flex-container.fusion-builder-row-1{ padding-top : 0px;margin-top : 0px;padding-right : 0px;padding-bottom : 0px;margin-bottom : 0px;padding-left : 0px;}<\/style><\/div><div class=\"fusion-fullwidth fullwidth-box fusion-builder-row-2 fusion-flex-container nonhundred-percent-fullwidth non-hundred-percent-height-scrolling\" style=\"background-color: rgba(255,255,255,0);background-position: center center;background-repeat: no-repeat;border-width: 0px 0px 0px 0px;border-color:var(--awb-color3);border-style:solid;\" ><div class=\"fusion-builder-row fusion-row fusion-flex-align-items-flex-start\" style=\"max-width:1216.8px;margin-left: calc(-4% \/ 2 );margin-right: calc(-4% \/ 2 );\"><div class=\"fusion-layout-column fusion_builder_column fusion-builder-column-1 fusion_builder_column_1_1 1_1 fusion-flex-column\"><div class=\"fusion-column-wrapper fusion-flex-justify-content-flex-start fusion-content-layout-column\" style=\"background-position:left top;background-repeat:no-repeat;-webkit-background-size:cover;-moz-background-size:cover;-o-background-size:cover;background-size:cover;padding: 0px 0px 0px 0px;\"><style type=\"text\/css\">@media only screen and (max-width:1024px) {.fusion-title.fusion-title-2{margin-top:0px!important; margin-right:0px!important;margin-bottom:31px!important;margin-left:0px!important;}}@media only screen and (max-width:640px) {.fusion-title.fusion-title-2{margin-top:0px!important; margin-right:0px!important;margin-bottom:20px!important; margin-left:0px!important;}}<\/style><div class=\"fusion-title title fusion-title-2 fusion-sep-none fusion-title-text fusion-title-size-two\" style=\"margin-top:0px;margin-right:0px;margin-bottom:31px;margin-left:0px;\"><h2 class=\"title-heading-left\" style=\"margin:0;text-transform:uppercase;\">Suscribirte al bolet\u00edn de noticias<\/h2><\/div><div class=\"fusion-text fusion-text-2\"><p>Recibe un 10% de descuento en tu primera reserva.<\/p>\n<p>Escribe tu idioma preferido para las comunicaciones en la casilla \u00ablast name\u00bb.<\/p>\n<\/div>\n        <div\n            class=\"emailoctopus-form-wrapper\" >\n\n            <form method=\"post\" action=\"https:\/\/emailoctopus.com\/lists\/f23298fc-044e-11ed-9258-0241b9615763\/members\/external-add\"\n                  class=\"emailoctopus-form\">\n\n                <div class=\"emailoctopus-form-textarea-hidden\" aria-hidden=\"true\">\n                    <textarea class=\"emailoctopus-form-textarea-hidden\" name=\"message_consent_required\"\n                              aria-hidden=\"true\">Please check the checkbox to indicate your consent. | Veuillez cocher la case pour indiquer votre consentement. | Marca la casilla para indicar tu consentimiento.\r\n\r\n<\/textarea>\n                    <textarea class=\"emailoctopus-form-textarea-hidden\" name=\"message_missing_email\"\n                              aria-hidden=\"true\">Your email address is required. | Votre adresse e-mail est requise. | Se requiere tu correo electr\u00f3nico.\r\n\r\n<\/textarea>\n                    <textarea class=\"emailoctopus-form-textarea-hidden\" name=\"message_invalid_email\"\n                              aria-hidden=\"true\">Your email address looks incorrect. Please try again. | Votre adresse courriel semble incorrecte. Veuillez r\u00e9essayer. | Tu correo electr\u00f3nico parece incorrecta. Por favor, int\u00e9ntalo de nuevo.\r\n\r\n<\/textarea>\n                    <textarea class=\"emailoctopus-form-textarea-hidden\" name=\"message_bot\"\n                              aria-hidden=\"true\">This doesn&#039;t look like a human submission. | Cela ne ressemble pas \u00e0 une soumission humaine. | Esto no parece una sumisi\u00f3n humana.\r\n\r\n<\/textarea>\n                    <textarea class=\"emailoctopus-form-textarea-hidden\" name=\"message_success\"\n                              aria-hidden=\"true\">Thanks for subscribing! Be sure to check your spam folder for our email! | Merci de vous inscrire! Assurez-vous de v\u00e9rifier votre dossier de spam pour notre email! | Gracias por suscribirte! Aseg\u00farete de revisar tu carpeta de spam para nuestro correo electr\u00f3nico!\r\n\r\n<\/textarea>\n                <\/div>\n\n                <h2 class=\"emailoctopus-heading\">Join | S'inscrire | Suscribirte<\/h2><p><\/p>\n                <p class=\"emailoctopus__success-message\"><\/p>\n                <p class=\"emailoctopus__error-message\"><\/p>\n\n                <div class=\"emailoctopus-form-copy-wrapper\">\n                    <input type=\"hidden\" name=\"emailoctopus_form_id\" value=\"1\"\/>\n                    <input type=\"hidden\" name=\"emailoctopus_list_id\" value=\"f23298fc-044e-11ed-9258-0241b9615763\"\/>\n\n                    \n                        <div class=\"emailoctopus-form-row\">\n\n                            <label><span class=\"emailoctopus-label\">First name <\/span><br><input type=\"text\" name=\"FirstName\" class=\"emailoctopus-custom-fields\" tabindex=\"100\" \/><\/label>\n                        <\/div>\n\n                                            \n                        <div class=\"emailoctopus-form-row\">\n\n                            <label><span class=\"emailoctopus-label\">Last name <\/span><br><input type=\"text\" name=\"LastName\" class=\"emailoctopus-custom-fields\" tabindex=\"101\" \/><\/label>\n                        <\/div>\n\n                                            \n                        <div class=\"emailoctopus-form-row\">\n\n                            <label><span class=\"emailoctopus-label\">Email address <span class=\"required\">*<\/span><\/span><br><input type=\"text\" name=\"EmailAddress\" class=\"emailoctopus-custom-fields\" tabindex=\"102\" \/><\/label>\n                        <\/div>\n\n                                            \n                                            <div class=\"emailoctopus-form-row\">\n                            <label>\n                                <input type=\"checkbox\" name=\"consent\" class=\"emailoctopus-consent\"\n                                       tabindex=\"103\"\/>&nbsp;I consent to receiving your newsletter and special offers via email | Je consens \u00e0 recevoir votre bulletin et vos offres sp\u00e9ciales par courriel | Acepto recibir su bolet\u00edn de noticias y ofertas especiales por correo electr\u00f3nico\r\n\r\n                            <\/label>\n                        <\/div>\n                                            \n                    <div class=\"emailoctopus-form-row-hp\" aria-hidden=\"true\">\n                        <!-- Do not remove this field, otherwise you risk bot signups -->\n                        <input type=\"text\" name=\"hpf23298fc-044e-11ed-9258-0241b9615763\" tabindex=\"-1\" autocomplete=\"nope\">\n                    <\/div>\n\n                    <div class=\"emailoctopus-form-row-subscribe\">\n                                                <button type=\"submit\" tabindex=\"104\"\n                                style=\"\">Join | S&#039;inscrire | Suscribirte<\/button>\n                    <\/div>\n\n                    \n                <\/div>\n            <\/form>\n        <\/div>\n\n        <\/div><style type=\"text\/css\">.fusion-body .fusion-builder-column-1{width:100% !important;margin-top : 0px;margin-bottom : 20px;}.fusion-builder-column-1 > .fusion-column-wrapper {padding-top : 0px !important;padding-right : 0px !important;margin-right : 1.92%;padding-bottom : 0px !important;padding-left : 0px !important;margin-left : 1.92%;}@media only screen and (max-width:1024px) {.fusion-body .fusion-builder-column-1{width:100% !important;order : 0;}.fusion-builder-column-1 > .fusion-column-wrapper {margin-right : 1.92%;margin-left : 1.92%;}}@media only screen and (max-width:640px) {.fusion-body .fusion-builder-column-1{width:100% !important;order : 0;}.fusion-builder-column-1 > .fusion-column-wrapper {margin-right : 1.92%;margin-left : 1.92%;}}<\/style><\/div><\/div><style type=\"text\/css\">.fusion-body .fusion-flex-container.fusion-builder-row-2{ padding-top : 0px;margin-top : 0px;padding-right : 0px;padding-bottom : 0px;margin-bottom : 0px;padding-left : 0px;}<\/style><\/div><div class=\"fusion-fullwidth fullwidth-box fusion-builder-row-3 fusion-flex-container nonhundred-percent-fullwidth non-hundred-percent-height-scrolling\" style=\"background-color: rgba(255,255,255,0);background-position: center center;background-repeat: no-repeat;border-width: 0px 0px 0px 0px;border-color:var(--awb-color3);border-style:solid;\" ><div class=\"fusion-builder-row fusion-row fusion-flex-align-items-flex-start\" style=\"max-width:calc( 1170px + 0px );margin-left: calc(-0px \/ 2 );margin-right: calc(-0px \/ 2 );\"><div class=\"fusion-layout-column fusion_builder_column fusion-builder-column-2 fusion_builder_column_1_1 1_1 fusion-flex-column\"><div class=\"fusion-column-wrapper fusion-flex-justify-content-flex-start fusion-content-layout-column\" style=\"background-position:left top;background-blend-mode: overlay;background-repeat:no-repeat;-webkit-background-size:cover;-moz-background-size:cover;-o-background-size:cover;background-size:cover;padding: 0px 11% 0px 11%;\"><style type=\"text\/css\">@media only screen and (max-width:1024px) {.fusion-title.fusion-title-3{margin-top:0px!important; margin-right:0px!important;margin-bottom:31px!important;margin-left:0px!important;}}@media only screen and (max-width:640px) {.fusion-title.fusion-title-3{margin-top:0px!important; margin-right:0px!important;margin-bottom:20px!important; margin-left:0px!important;}}<\/style><div class=\"fusion-title title fusion-title-3 fusion-sep-none fusion-title-center fusion-title-text fusion-title-size-two\" style=\"margin-top:0px;margin-right:0px;margin-bottom:31px;margin-left:0px;\"><h2 class=\"title-heading-center\" style=\"margin:0;text-transform:uppercase;color:#000000;line-height:1;\">\u00bfListo?<\/h2><\/div><div class=\"fusion-separator\" style=\"align-self: center;margin-left: auto;margin-right: auto;margin-top:0px;margin-bottom:40px;width:100%;max-width:200px;\"><div class=\"fusion-separator-border sep-single sep-solid\" style=\"border-color:var(--awb-color4);border-top-width:3px;\"><\/div><\/div><div class=\"fusion-text fusion-text-3\" style=\"text-align:center;font-size:var(--awb-typography2-font-size);line-height:var(--awb-typography2-line-height);letter-spacing:var(--awb-typography2-letter-spacing);text-transform:var(--awb-typography2-text-transform);color:#000000;font-family:var(--awb-typography2-font-family);font-weight:var(--awb-typography2-font-weight);font-style:var(--awb-typography2-font-style);\"><p>\u00a1Si tienes m\u00e1s preguntas, lee nuestra p\u00e1gina de FAQ! O, \u00a1consulta nuestra p\u00e1gina de tarifas y reservas!<\/p>\n<\/div><div class=\"fusion-separator fusion-full-width-sep\" style=\"align-self: center;margin-left: auto;margin-right: auto;margin-top:25px;width:100%;\"><\/div><style type=\"text\/css\">.fusion-gallery-1 .fusion-gallery-image {border:0px solid var(--awb-color3);-webkit-border-radius:12px;-moz-border-radius:12px;border-radius:12px;}.fusion-gallery.fusion-gallery-1 .awb-imageframe-caption-container .awb-imageframe-caption-title{color:var(--awb-color1) !important;font-size:45px !important;font-family:var(--awb-typography4-font-family) !important;font-weight:var(--awb-typography4-font-weight) !important;font-style:var(--awb-typography4-font-style) !important;text-transform:var(--awb-typography4-text-transform) !important;line-height:var(--awb-typography4-line-height) !important;letter-spacing:var(--awb-typography4-letter-spacing) !important;}.fusion-gallery.fusion-gallery-1 .awb-imageframe-caption-container .awb-imageframe-caption-text{color:var(--awb-color1);font-size:var(--awb-typography5-font-size);font-family:var(--awb-typography5-font-family);font-weight:var(--awb-typography5-font-weight);font-style:var(--awb-typography5-font-style);text-transform:var(--awb-typography5-text-transform);line-height:var(--awb-typography5-line-height);letter-spacing:var(--awb-typography5-letter-spacing);}.fusion-gallery.fusion-gallery-1 .awb-imageframe-style{background:var(--awb-color8);}<\/style><div class=\"fusion-gallery fusion-gallery-container fusion-grid-2 fusion-columns-total-2 fusion-gallery-layout-grid fusion-gallery-1\" style=\"margin:-5px;\"><div style=\"padding:5px;\" class=\"fusion-grid-column fusion-gallery-column fusion-gallery-column-2\"><div class=\"fusion-gallery-image awb-imageframe-style awb-imageframe-style-resa\"><a href=\"https:\/\/myopenpassport.net\/es\/preguntas-frecuentes\/\" rel=\"noreferrer\" data-rel=\"iLightbox[gallery_image_1]\" class=\"fusion-lightbox\" target=\"_self\"><img decoding=\"async\" src=\"https:\/\/myopenpassport.net\/wp-content\/uploads\/2022\/07\/1-3.jpg\" data-orig-src=\"https:\/\/myopenpassport.net\/wp-content\/uploads\/2022\/07\/1-3.jpg\" width=\"854\" height=\"804\" alt=\"\" title=\"1\" aria-label=\"1\" class=\"lazyload img-responsive wp-image-14094\" srcset=\"data:image\/svg+xml,%3Csvg%20xmlns%3D%27http%3A%2F%2Fwww.w3.org%2F2000%2Fsvg%27%20width%3D%27854%27%20height%3D%27804%27%20viewBox%3D%270%200%20854%20804%27%3E%3Crect%20width%3D%27854%27%20height%3D%27804%27%20fill-opacity%3D%220%22%2F%3E%3C%2Fsvg%3E\" data-srcset=\"https:\/\/myopenpassport.net\/wp-content\/uploads\/2022\/07\/1-3-200x188.jpg 200w, https:\/\/myopenpassport.net\/wp-content\/uploads\/2022\/07\/1-3-400x377.jpg 400w, https:\/\/myopenpassport.net\/wp-content\/uploads\/2022\/07\/1-3-600x565.jpg 600w, https:\/\/myopenpassport.net\/wp-content\/uploads\/2022\/07\/1-3-800x753.jpg 800w, https:\/\/myopenpassport.net\/wp-content\/uploads\/2022\/07\/1-3.jpg 854w\" data-sizes=\"auto\" data-orig-sizes=\"(min-width: 2200px) 100vw, (min-width: 800px) 583px, (min-width: 640px) 800px, \" \/><div class=\"awb-imageframe-caption-container\"><div class=\"awb-imageframe-caption\"><div class=\"awb-imageframe-caption-title\">FAQs<\/div><\/div><\/div><\/a><\/div><\/div><div style=\"padding:5px;\" class=\"fusion-grid-column fusion-gallery-column fusion-gallery-column-2\"><div class=\"fusion-gallery-image awb-imageframe-style awb-imageframe-style-resa\"><a href=\"https:\/\/myopenpassport.net\/es\/reservar\/\" rel=\"noreferrer\" data-rel=\"iLightbox[gallery_image_1]\" class=\"fusion-lightbox\" target=\"_self\"><img decoding=\"async\" src=\"https:\/\/myopenpassport.net\/wp-content\/uploads\/2022\/07\/2-3.jpg\" data-orig-src=\"https:\/\/myopenpassport.net\/wp-content\/uploads\/2022\/07\/2-3.jpg\" width=\"854\" height=\"804\" alt=\"\" title=\"2\" aria-label=\"2\" class=\"lazyload img-responsive wp-image-14095\" srcset=\"data:image\/svg+xml,%3Csvg%20xmlns%3D%27http%3A%2F%2Fwww.w3.org%2F2000%2Fsvg%27%20width%3D%27854%27%20height%3D%27804%27%20viewBox%3D%270%200%20854%20804%27%3E%3Crect%20width%3D%27854%27%20height%3D%27804%27%20fill-opacity%3D%220%22%2F%3E%3C%2Fsvg%3E\" data-srcset=\"https:\/\/myopenpassport.net\/wp-content\/uploads\/2022\/07\/2-3-200x188.jpg 200w, https:\/\/myopenpassport.net\/wp-content\/uploads\/2022\/07\/2-3-400x377.jpg 400w, https:\/\/myopenpassport.net\/wp-content\/uploads\/2022\/07\/2-3-600x565.jpg 600w, https:\/\/myopenpassport.net\/wp-content\/uploads\/2022\/07\/2-3-800x753.jpg 800w, https:\/\/myopenpassport.net\/wp-content\/uploads\/2022\/07\/2-3.jpg 854w\" data-sizes=\"auto\" data-orig-sizes=\"(min-width: 2200px) 100vw, (min-width: 800px) 583px, (min-width: 640px) 800px, \" \/><div class=\"awb-imageframe-caption-container\"><div class=\"awb-imageframe-caption\"><div class=\"awb-imageframe-caption-title\">Ver los precios<\/div><\/div><\/div><\/a><\/div><\/div><div class=\"clearfix\"><\/div><\/div><\/div><style type=\"text\/css\">.fusion-body .fusion-builder-column-2{width:100% !important;margin-top : 0px;margin-bottom : 20px;}.fusion-builder-column-2 > .fusion-column-wrapper {padding-top : 0px !important;padding-right : 11% !important;margin-right : 0px;padding-bottom : 0px !important;padding-left : 11% !important;margin-left : 0px;}@media only screen and (max-width:1024px) {.fusion-body .fusion-builder-column-2{width:100% !important;}.fusion-builder-column-2 > .fusion-column-wrapper {margin-right : 0px;margin-left : 0px;}}@media only screen and (max-width:640px) {.fusion-body .fusion-builder-column-2{width:100% !important;}.fusion-builder-column-2 > .fusion-column-wrapper {margin-right : 0px;margin-left : 0px;}}<\/style><\/div><\/div><style type=\"text\/css\">.fusion-body .fusion-flex-container.fusion-builder-row-3{ padding-top : 150px;margin-top : 0px;padding-right : 0px;padding-bottom : 150px;margin-bottom : 0px;padding-left : 0px;}<\/style><\/div><div class=\"fusion-fullwidth fullwidth-box fusion-builder-row-4 fusion-flex-container nonhundred-percent-fullwidth non-hundred-percent-height-scrolling\" style=\"background-color: rgba(255,255,255,0);background-position: center center;background-repeat: no-repeat;border-width: 0px 0px 0px 0px;border-color:var(--awb-color3);border-style:solid;\" ><div class=\"fusion-builder-row fusion-row fusion-flex-align-items-flex-start\" style=\"max-width:1216.8px;margin-left: calc(-4% \/ 2 );margin-right: calc(-4% \/ 2 );\"><\/div><style type=\"text\/css\">.fusion-body .fusion-flex-container.fusion-builder-row-4{ padding-top : 0px;margin-top : 0px;padding-right : 0px;padding-bottom : 0px;margin-bottom : 0px;padding-left : 0px;}<\/style><\/div><\/p>\n","protected":false},"excerpt":{"rendered":"","protected":false},"author":1,"featured_media":0,"parent":0,"menu_order":0,"comment_status":"closed","ping_status":"closed","template":"100-width.php","meta":{"footnotes":""},"class_list":["post-21669","page","type-page","status-publish","hentry"],"jetpack_sharing_enabled":true,"_links":{"self":[{"href":"https:\/\/myopenpassport.net\/es\/wp-json\/wp\/v2\/pages\/21669"}],"collection":[{"href":"https:\/\/myopenpassport.net\/es\/wp-json\/wp\/v2\/pages"}],"about":[{"href":"https:\/\/myopenpassport.net\/es\/wp-json\/wp\/v2\/types\/page"}],"author":[{"embeddable":true,"href":"https:\/\/myopenpassport.net\/es\/wp-json\/wp\/v2\/users\/1"}],"replies":[{"embeddable":true,"href":"https:\/\/myopenpassport.net\/es\/wp-json\/wp\/v2\/comments?post=21669"}],"version-history":[{"count":5,"href":"https:\/\/myopenpassport.net\/es\/wp-json\/wp\/v2\/pages\/21669\/revisions"}],"predecessor-version":[{"id":24770,"href":"https:\/\/myopenpassport.net\/es\/wp-json\/wp\/v2\/pages\/21669\/revisions\/24770"}],"wp:attachment":[{"href":"https:\/\/myopenpassport.net\/es\/wp-json\/wp\/v2\/media?parent=21669"}],"curies":[{"name":"wp","href":"https:\/\/api.w.org\/{rel}","templated":true}]}}